{"id":73,"date":"2022-07-15T15:37:35","date_gmt":"2022-07-15T18:37:35","guid":{"rendered":"https:\/\/delibeeweb.com\/?page_id=73"},"modified":"2022-08-09T12:17:49","modified_gmt":"2022-08-09T15:17:49","slug":"productos","status":"publish","type":"page","link":"https:\/\/delibeeweb.com\/en\/productos\/","title":{"rendered":"Our Products"},"content":{"rendered":"<div id=\"intro-internas\" class=\"intro-internas alignfull relative h-[220px] md:h-[280px] xl:h-[330px] bg-platinum overflow-hidden\">\n    <img class=\"w-[200%] md:w-full h-full object-cover object-center md:object-top max-w-none\" src=\"https:\/\/delibeeweb.com\/app\/uploads\/2022\/07\/productos-img.jpg\" alt=\"\">\n    <div class=\"absolute triangle-left -bottom-[1px] left-0 bg-platinum h-[16%] md:h-[30%] lg:h-[40%] w-[53%] z-20\"><\/div>\n    <div class=\"absolute triangle-right -bottom-[1px] right-0 bg-platinum h-[16%] md:h-[30%] lg:h-[40%] w-[53%] z-20\"><\/div>\n        <div class=\"absolute left-center z-10 text-center top-[15%] md:top-[20%] w-[unset] sm:w-full\">\n      <h1 class=\"text-honey font-extrabold text-[40px] leading-[55px] mb-7 md:text-[60px] md:leading-[82px] md:mb-6\">Our Varieties<\/h1>\n    <\/div>\n    <\/div>\n\n\n<div id=\"productos\" class=\"productos alignfull overflow-hidden relative z-10 px-4 md:px-16 lg:px-24 grid md:grid-cols-16 justify-items-center md:justify-items-stretch gap-y-16 py-14 md:pt-16 md:pb-8 -mt-[1px]\">\n            <div id=\"naranja\" class=\"md:col-span-16 lg:col-span-14 lg:col-start-2 xl:col-span-12 xl:col-start-3 2xl:px-[3.25rem] grid md:grid-flow-col xs:grid-cols-[340px] md:grid-cols-[340px_395px] justify-items-center justify-between items-center group\">\n        <div class=\"md:group-odd:col-start-1 md:group-even:col-start-2 relative pb-20 w-full max-w-[340px]\">\n          <img class=\"mx-auto relative z-10\" src=\"https:\/\/delibeeweb.com\/app\/uploads\/2022\/07\/citrus2.png\" alt=\"\">\n          <img class=\"absolute bottom-0 left-center object-contain z-0\" src=\"\/app\/themes\/fulltheme\/theme\/assets\/hexa-fondo.svg\" alt=\"\">\n        <\/div>\n        <div class=\"md:group-odd:col-start-2 md:group-even:col-start-1\">\n          <h2 class=\"font-extrabold text-3xl leading-10 md:text-6xl md:leading-[82px] mb-5 md:mb-6\">Orange<\/h2>\n          <p class=\"leading-8 md:text-lg md:leading-9 mb-5 md:mb-6\">Responds to the predominant presence of nectar and pollen of orange flowers with a particular flavor, unique texture and high density, mild aroma of orange flowers.<\/p>\n                      <p class=\"text-lg leading-9 mb-4\">Tama\u00f1os<\/p>\n            <ul class=\"flex items-center\">\n                              <span class=\"block py-1 px-5 text-lg uppercase text-background bg-foreground mr-4 last:mr-0\">250GR<\/span>\n                              <span class=\"block py-1 px-5 text-lg uppercase text-background bg-foreground mr-4 last:mr-0\">480GR<\/span>\n                              <span class=\"block py-1 px-5 text-lg uppercase text-background bg-foreground mr-4 last:mr-0\">900GR<\/span>\n                          <\/ul>\n                  <\/div>\n      <\/div>\n          <div id=\"multifloral\" class=\"md:col-span-16 lg:col-span-14 lg:col-start-2 xl:col-span-12 xl:col-start-3 2xl:px-[3.25rem] grid md:grid-flow-col xs:grid-cols-[340px] md:grid-cols-[340px_395px] justify-items-center justify-between items-center group\">\n        <div class=\"md:group-odd:col-start-1 md:group-even:col-start-2 relative pb-20 w-full max-w-[340px]\">\n          <img class=\"mx-auto relative z-10\" src=\"https:\/\/delibeeweb.com\/app\/uploads\/2022\/07\/multi.png\" alt=\"\">\n          <img class=\"absolute bottom-0 left-center object-contain z-0\" src=\"\/app\/themes\/fulltheme\/theme\/assets\/hexa-fondo.svg\" alt=\"\">\n        <\/div>\n        <div class=\"md:group-odd:col-start-2 md:group-even:col-start-1\">\n          <h2 class=\"font-extrabold text-3xl leading-10 md:text-6xl md:leading-[82px] mb-5 md:mb-6\">Multifloral<\/h2>\n          <p class=\"leading-8 md:text-lg md:leading-9 mb-5 md:mb-6\">Mild aroma and sugary flavor, with floral hints, it is especially good as a natural sweetener for tea, cereals, nuts and dried fruits.<\/p>\n                      <p class=\"text-lg leading-9 mb-4\">Tama\u00f1os<\/p>\n            <ul class=\"flex items-center\">\n                              <span class=\"block py-1 px-5 text-lg uppercase text-background bg-foreground mr-4 last:mr-0\">250GR<\/span>\n                              <span class=\"block py-1 px-5 text-lg uppercase text-background bg-foreground mr-4 last:mr-0\">480GR<\/span>\n                              <span class=\"block py-1 px-5 text-lg uppercase text-background bg-foreground mr-4 last:mr-0\">900GR<\/span>\n                          <\/ul>\n                  <\/div>\n      <\/div>\n          <div id=\"limon\" class=\"md:col-span-16 lg:col-span-14 lg:col-start-2 xl:col-span-12 xl:col-start-3 2xl:px-[3.25rem] grid md:grid-flow-col xs:grid-cols-[340px] md:grid-cols-[340px_395px] justify-items-center justify-between items-center group\">\n        <div class=\"md:group-odd:col-start-1 md:group-even:col-start-2 relative pb-20 w-full max-w-[340px]\">\n          <img class=\"mx-auto relative z-10\" src=\"https:\/\/delibeeweb.com\/app\/uploads\/2022\/07\/citrus.png\" alt=\"\">\n          <img class=\"absolute bottom-0 left-center object-contain z-0\" src=\"\/app\/themes\/fulltheme\/theme\/assets\/hexa-fondo.svg\" alt=\"\">\n        <\/div>\n        <div class=\"md:group-odd:col-start-2 md:group-even:col-start-1\">\n          <h2 class=\"font-extrabold text-3xl leading-10 md:text-6xl md:leading-[82px] mb-5 md:mb-6\">Lemon<\/h2>\n          <p class=\"leading-8 md:text-lg md:leading-9 mb-5 md:mb-6\">Responds to the predominant presence of lemon flower pollen with a particular flavor, unique texture and fine crystallization, mild aroma of lemon flowers.<\/p>\n                      <p class=\"text-lg leading-9 mb-4\">Tama\u00f1os<\/p>\n            <ul class=\"flex items-center\">\n                              <span class=\"block py-1 px-5 text-lg uppercase text-background bg-foreground mr-4 last:mr-0\">250GR<\/span>\n                              <span class=\"block py-1 px-5 text-lg uppercase text-background bg-foreground mr-4 last:mr-0\">480GR<\/span>\n                              <span class=\"block py-1 px-5 text-lg uppercase text-background bg-foreground mr-4 last:mr-0\">900GR<\/span>\n                          <\/ul>\n                  <\/div>\n      <\/div>\n          <div id=\"a-granel\" class=\"md:col-span-16 lg:col-span-14 lg:col-start-2 xl:col-span-12 xl:col-start-3 2xl:px-[3.25rem] grid md:grid-flow-col xs:grid-cols-[340px] md:grid-cols-[340px_395px] justify-items-center justify-between items-center group\">\n        <div class=\"md:group-odd:col-start-1 md:group-even:col-start-2 relative pb-20 w-full max-w-[340px]\">\n          <img class=\"mx-auto relative z-10\" src=\"https:\/\/delibeeweb.com\/app\/uploads\/2022\/08\/granel.1aff0f30.png\" alt=\"\">\n          <img class=\"absolute bottom-0 left-center object-contain z-0\" src=\"\/app\/themes\/fulltheme\/theme\/assets\/hexa-fondo.svg\" alt=\"\">\n        <\/div>\n        <div class=\"md:group-odd:col-start-2 md:group-even:col-start-1\">\n          <h2 class=\"font-extrabold text-3xl leading-10 md:text-6xl md:leading-[82px] mb-5 md:mb-6\">Bulk<\/h2>\n          <p class=\"leading-8 md:text-lg md:leading-9 mb-5 md:mb-6\">Tambores x 300kg. &#8211; Miel 100% pura<\/p>\n                  <\/div>\n      <\/div>\n        <img class=\"absolute top-0 md:-right-48 lg:-right-28 xl:-right-12 2xl:right-0 hidden md:block -z-10\" src=\"\/app\/themes\/fulltheme\/theme\/assets\/honeycomb-productos.svg\" alt=\"\">\n  <img class=\"absolute top-center md:-left-12 lg:left-0 hidden md:block -z-10\" src=\"\/app\/themes\/fulltheme\/theme\/assets\/honeycomb-productos-2.svg\" alt=\"\">\n<\/div>\n\n\n<div id=\"puntos_venta\" class=\"puntos_venta alignfull relative z-10 xs:px-4 md:px-24 pb-12 md:pb-20\">\n  <div class=\"bg-[#F5F5F5] md:rounded-xl px-4 py-6 md:px-16 md:py-10 grid md:grid-cols-[1fr_674px] gap-x-12 gap-y-7\">\n    <div class=\"\">\n      <h2 class=\"text-3xl font-extrabold leading-10 mb-8 md:text-[40px] md:leading-[55px] md:mb-5\">Where to buy<\/h2>\n                              <div class=\"max-h-96 overflow-y-scroll\">\n                      <div id=\"punto\" index=\"0\" class=\"bg-white rounded-xl p-4 w-full mb-5 cursor-pointer\">\n              <h3 class=\"text-2xl font-extrabold mb-3\">Delibee<\/h3>\n              <p class=\"text-base font-semibold\">General Paz 576, San Miguel de Tucum\u00e1n,\r\nTucum\u00e1n<\/p>\n            <\/div>\n                                              <div id=\"punto\" index=\"1\" class=\"bg-white rounded-xl p-4 w-full mb-5 cursor-pointer\">\n              <h3 class=\"text-2xl font-extrabold mb-3\">Semiller\u00eda Tolva<\/h3>\n              <p class=\"text-base font-semibold\">Mendoza 764, San Miguel de Tucum\u00e1n,\r\nTucum\u00e1n<\/p>\n            <\/div>\n                                              <div id=\"punto\" index=\"2\" class=\"bg-white rounded-xl p-4 w-full mb-5 cursor-pointer\">\n              <h3 class=\"text-2xl font-extrabold mb-3\">Pata Negra<\/h3>\n              <p class=\"text-base font-semibold\">Miguel Lillo 477, San Miguel de Tucum\u00e1n,\r\nTucum\u00e1n<\/p>\n            <\/div>\n                                              <div id=\"punto\" index=\"3\" class=\"bg-white rounded-xl p-4 w-full mb-5 cursor-pointer\">\n              <h3 class=\"text-2xl font-extrabold mb-3\">Pata Negra<\/h3>\n              <p class=\"text-base font-semibold\">Las Rosas 1051, Yerba Buena, Tucum\u00e1n<\/p>\n            <\/div>\n                                              <div id=\"punto\" index=\"4\" class=\"bg-white rounded-xl p-4 w-full mb-5 cursor-pointer\">\n              <h3 class=\"text-2xl font-extrabold mb-3\">Finca La Virginia<\/h3>\n              <p class=\"text-base font-semibold\">Mu\u00f1ecas 715, San Miguel de Tucum\u00e1n, Tucum\u00e1n<\/p>\n            <\/div>\n                                              <div id=\"punto\" index=\"5\" class=\"bg-white rounded-xl p-4 w-full mb-5 cursor-pointer\">\n              <h3 class=\"text-2xl font-extrabold mb-3\">ZOCO Mercadillo<\/h3>\n              <p class=\"text-base font-semibold\">Chacabuco 18 Local 1, San Miguel de Tucum\u00e1n, Tucum\u00e1n<\/p>\n            <\/div>\n                                              <div id=\"punto\" index=\"6\" class=\"bg-white rounded-xl p-4 w-full mb-5 cursor-pointer\">\n              <h3 class=\"text-2xl font-extrabold mb-3\">La Estancia Tucum\u00e1n<\/h3>\n              <p class=\"text-base font-semibold\">General Paz 540, San Miguel de Tucum\u00e1n, Tucum\u00e1n\r\n<\/p>\n            <\/div>\n                                              <div id=\"punto\" index=\"7\" class=\"bg-white rounded-xl p-4 w-full mb-5 cursor-pointer\">\n              <h3 class=\"text-2xl font-extrabold mb-3\">Sabores Natural FIT<\/h3>\n              <p class=\"text-base font-semibold\">San Mart\u00edn 643 Local 8, San Miguel de Tucum\u00e1n, Tucum\u00e1n\r\n<\/p>\n            <\/div>\n                                              <div id=\"punto\" index=\"8\" class=\"bg-white rounded-xl p-4 w-full mb-5 cursor-pointer\">\n              <h3 class=\"text-2xl font-extrabold mb-3\">Sant\u00e9 Mercado Natural<\/h3>\n              <p class=\"text-base font-semibold\">C\u00f3rdoba 521, San Miguel de Tucum\u00e1n, Tucum\u00e1n<\/p>\n            <\/div>\n                                              <div id=\"punto\" index=\"9\" class=\"bg-white rounded-xl p-4 w-full mb-5 cursor-pointer\">\n              <h3 class=\"text-2xl font-extrabold mb-3\">Terra Almac\u00e9n Natural<\/h3>\n              <p class=\"text-base font-semibold\">C\u00f3rdoba 451, San Miguel de Tucum\u00e1n, Tucum\u00e1n<\/p>\n            <\/div>\n                                              <div id=\"punto\" index=\"10\" class=\"bg-white rounded-xl p-4 w-full mb-5 cursor-pointer\">\n              <h3 class=\"text-2xl font-extrabold mb-3\">Servi Frut<\/h3>\n              <p class=\"text-base font-semibold\">Suipacha 951, San Miguel de Tucum\u00e1n, Tucum\u00e1n<\/p>\n            <\/div>\n                                              <div id=\"punto\" index=\"11\" class=\"bg-white rounded-xl p-4 w-full mb-5 cursor-pointer\">\n              <h3 class=\"text-2xl font-extrabold mb-3\">TEVAH Tienda Natural<\/h3>\n              <p class=\"text-base font-semibold\">Heller 30 Local 11, Yerba Buena, Tucum\u00e1n<\/p>\n            <\/div>\n                                              <div id=\"punto\" index=\"12\" class=\"bg-white rounded-xl p-4 w-full mb-5 cursor-pointer\">\n              <h3 class=\"text-2xl font-extrabold mb-3\">Cafayate Wines<\/h3>\n              <p class=\"text-base font-semibold\">Caseros esquina Dean Funes, Salta<\/p>\n            <\/div>\n                                          <\/div>\n          <\/div>\n    <div id=\"mapas\" class=\"max-h-[434px] overflow-hidden\">\n              <div id=\"mapa\" index=\"0\" class=\"hidden first:block descendant-iframe:w-full\">\n          <p><iframe src=\"https:\/\/www.google.com\/maps\/embed?pb=!1m18!1m12!1m3!1d3560.114973621555!2d-65.2070674!3d-26.8362952!2m3!1f0!2f0!3f0!3m2!1i1024!2i768!4f13.1!3m3!1m2!1s0x94225c0e8d0271b7%3A0x7946062ac490db30!2sGral.%20Paz%20576%2C%20T4000%20San%20Miguel%20de%20Tucum%C3%A1n%2C%20Tucum%C3%A1n!5e0!3m2!1sen!2sar!4v1658934584836!5m2!1sen!2sar\" width=\"674\" height=\"434\" style=\"border:0;\" allowfullscreen=\"\" loading=\"lazy\" referrerpolicy=\"no-referrer-when-downgrade\"><\/iframe><\/p>\n        <\/div>\n              <div id=\"mapa\" index=\"1\" class=\"hidden first:block descendant-iframe:w-full\">\n          <p><iframe src=\"https:\/\/www.google.com\/maps\/embed?pb=!1m18!1m12!1m3!1d3560.3814873144274!2d-65.2079917!3d-26.8278161!2m3!1f0!2f0!3f0!3m2!1i1024!2i768!4f13.1!3m3!1m2!1s0x94225c115318ba05%3A0x7673a218a3fa6aa2!2sGaler%C3%ADa%20Mendoza%2C%20Mendoza%20764%2C%20T4000%20San%20Miguel%20de%20Tucum%C3%A1n%2C%20Tucum%C3%A1n!5e0!3m2!1sen!2sar!4v1658934628278!5m2!1sen!2sar\" width=\"674\" height=\"434\" style=\"border:0;\" allowfullscreen=\"\" loading=\"lazy\" referrerpolicy=\"no-referrer-when-downgrade\"><\/iframe><\/p>\n        <\/div>\n              <div id=\"mapa\" index=\"2\" class=\"hidden first:block descendant-iframe:w-full\">\n          <p><iframe loading=\"lazy\" style=\"border: 0;\" src=\"https:\/\/www.google.com\/maps\/embed?pb=!1m18!1m12!1m3!1d3560.1850113075907!2d-65.2218869!3d-26.8340672!2m3!1f0!2f0!3f0!3m2!1i1024!2i768!4f13.1!3m3!1m2!1s0x94225c6e69fde82d%3A0xdb1af80bbc249638!2sMiguel%20Lillo%20477%2C%20San%20Miguel%20de%20Tucum%C3%A1n%2C%20Tucum%C3%A1n!5e0!3m2!1sen!2sar!4v1658934653675!5m2!1sen!2sar\" width=\"674\" height=\"434\" allowfullscreen=\"allowfullscreen\"><\/iframe><\/p>\n        <\/div>\n              <div id=\"mapa\" index=\"3\" class=\"hidden first:block descendant-iframe:w-full\">\n          <p><iframe loading=\"lazy\" style=\"border: 0;\" src=\"https:\/\/www.google.com\/maps\/embed?pb=!1m18!1m12!1m3!1d3561.0835843460436!2d-65.27796048507498!3d-26.805467083173927!2m3!1f0!2f0!3f0!3m2!1i1024!2i768!4f13.1!3m3!1m2!1s0x94225dd8bda43ebb%3A0x4add4526bee66d0a!2sLas%20Rosas%201051%2C%20T4107%20Yerba%20Buena%2C%20Tucum%C3%A1n!5e0!3m2!1ses!2sar!4v1659615728805!5m2!1ses!2sar\" width=\"674\" height=\"434\" allowfullscreen=\"allowfullscreen\"><\/iframe><\/p>\n        <\/div>\n              <div id=\"mapa\" index=\"4\" class=\"hidden first:block descendant-iframe:w-full\">\n          <p><iframe src=\"https:\/\/www.google.com\/maps\/embed?pb=!1m18!1m12!1m3!1d3560.5977758417725!2d-65.20574098507471!3d-26.82093308316717!2m3!1f0!2f0!3f0!3m2!1i1024!2i768!4f13.1!3m3!1m2!1s0x94225c3d5bb444b5%3A0x47d7c0605bbee1b1!2sIldefonso%20de%20las%20Mu%C3%B1ecas%20715%2C%20T4000%20San%20Miguel%20de%20Tucum%C3%A1n%2C%20Tucum%C3%A1n!5e0!3m2!1ses!2sar!4v1659615769831!5m2!1ses!2sar\" width=\"674\" height=\"434\" style=\"border:0;\" allowfullscreen=\"\" loading=\"lazy\" referrerpolicy=\"no-referrer-when-downgrade\"><\/iframe><\/p>\n        <\/div>\n              <div id=\"mapa\" index=\"5\" class=\"hidden first:block descendant-iframe:w-full\">\n          <p><iframe src=\"https:\/\/www.google.com\/maps\/embed?pb=!1m16!1m12!1m3!1d14242.391139331352!2d-65.21230707060333!3d-26.82093279700771!2m3!1f0!2f0!3f0!3m2!1i1024!2i768!4f13.1!2m1!1sChacabuco%2018%20Local%201%2C%20San%20Miguel%20de%20Tucum%C3%A1n%2C%20Tucum%C3%A1n!5e0!3m2!1ses!2sar!4v1659615796450!5m2!1ses!2sar\" width=\"600\" height=\"450\" style=\"border:0;\" allowfullscreen=\"\" loading=\"lazy\" referrerpolicy=\"no-referrer-when-downgrade\"><\/iframe><\/p>\n        <\/div>\n              <div id=\"mapa\" index=\"6\" class=\"hidden first:block descendant-iframe:w-full\">\n          <p><iframe src=\"https:\/\/www.google.com\/maps\/embed?pb=!1m18!1m12!1m3!1d3560.111308655208!2d-65.20889428507425!3d-26.836411783160553!2m3!1f0!2f0!3f0!3m2!1i1024!2i768!4f13.1!3m3!1m2!1s0x94225c0ef202f057%3A0xc88574bc8c728ba0!2sGral.%20Paz%20540%2C%20T4000BLL%20San%20Miguel%20de%20Tucum%C3%A1n%2C%20Tucum%C3%A1n!5e0!3m2!1ses!2sar!4v1659615812881!5m2!1ses!2sar\" width=\"600\" height=\"450\" style=\"border:0;\" allowfullscreen=\"\" loading=\"lazy\" referrerpolicy=\"no-referrer-when-downgrade\"><\/iframe><\/p>\n        <\/div>\n              <div id=\"mapa\" index=\"7\" class=\"hidden first:block descendant-iframe:w-full\">\n          <p><iframe src=\"https:\/\/www.google.com\/maps\/embed?pb=!1m18!1m12!1m3!1d3560.3393115114964!2d-65.20873528507437!3d-26.82915808316363!2m3!1f0!2f0!3f0!3m2!1i1024!2i768!4f13.1!3m3!1m2!1s0x94225c11113234b5%3A0x1dbb67065cf9df5!2sGral.%20Jos%C3%A9%20de%20San%20Mart%C3%ADn%20643%2C%20T4000%20San%20Miguel%20de%20Tucum%C3%A1n%2C%20Tucum%C3%A1n!5e0!3m2!1ses!2sar!4v1659615837814!5m2!1ses!2sar\" width=\"600\" height=\"450\" style=\"border:0;\" allowfullscreen=\"\" loading=\"lazy\" referrerpolicy=\"no-referrer-when-downgrade\"><\/iframe><\/p>\n        <\/div>\n              <div id=\"mapa\" index=\"8\" class=\"hidden first:block descendant-iframe:w-full\">\n          <p><iframe src=\"https:\/\/www.google.com\/maps\/embed?pb=!1m18!1m12!1m3!1d3560.4133670772767!2d-65.2063610850746!3d-26.826801683164604!2m3!1f0!2f0!3f0!3m2!1i1024!2i768!4f13.1!3m3!1m2!1s0x94225c173598427b%3A0x8ef899e8584e31ef!2sPcia%20de%20C%C3%B3rdoba%20521%2C%20T4000%20San%20Miguel%20de%20Tucum%C3%A1n%2C%20Tucum%C3%A1n!5e0!3m2!1ses!2sar!4v1659615898533!5m2!1ses!2sar\" width=\"600\" height=\"450\" style=\"border:0;\" allowfullscreen=\"\" loading=\"lazy\" referrerpolicy=\"no-referrer-when-downgrade\"><\/iframe><\/p>\n        <\/div>\n              <div id=\"mapa\" index=\"9\" class=\"hidden first:block descendant-iframe:w-full\">\n          <p><iframe src=\"https:\/\/www.google.com\/maps\/embed?pb=!1m18!1m12!1m3!1d3560.407364664879!2d-65.20511998507453!3d-26.82699268316462!2m3!1f0!2f0!3f0!3m2!1i1024!2i768!4f13.1!3m3!1m2!1s0x94225c10a96aea35%3A0xbd8c7ac6499d6c86!2sPcia%20de%20C%C3%B3rdoba%20451%2C%20T4000DGI%20San%20Miguel%20de%20Tucum%C3%A1n%2C%20Tucum%C3%A1n!5e0!3m2!1ses!2sar!4v1659615913013!5m2!1ses!2sar\" width=\"600\" height=\"450\" style=\"border:0;\" allowfullscreen=\"\" loading=\"lazy\" referrerpolicy=\"no-referrer-when-downgrade\"><\/iframe><\/p>\n        <\/div>\n              <div id=\"mapa\" index=\"10\" class=\"hidden first:block descendant-iframe:w-full\">\n          <p><iframe src=\"https:\/\/www.google.com\/maps\/embed?pb=!1m16!1m12!1m3!1d1780.3806997909821!2d-65.21441726693415!3d-26.815724947398504!2m3!1f0!2f0!3f0!3m2!1i1024!2i768!4f13.1!2m1!1sSuipacha%20951%2C%20San%20Miguel%20de%20Tucum%C3%A1n%2C%20Tucum%C3%A1n!5e0!3m2!1ses!2sar!4v1659616001817!5m2!1ses!2sar\" width=\"600\" height=\"450\" style=\"border:0;\" allowfullscreen=\"\" loading=\"lazy\" referrerpolicy=\"no-referrer-when-downgrade\"><\/iframe><\/p>\n        <\/div>\n              <div id=\"mapa\" index=\"11\" class=\"hidden first:block descendant-iframe:w-full\">\n          <p><iframe src=\"https:\/\/www.google.com\/maps\/embed?pb=!1m18!1m12!1m3!1d3560.7162143998303!2d-65.27653708507474!3d-26.817163283168842!2m3!1f0!2f0!3f0!3m2!1i1024!2i768!4f13.1!3m3!1m2!1s0x94225cd74f8bb297%3A0x6d6121c5b1581620!2sJuan%20Heller%2030%2C%20T4107FKB%20Yerba%20Buena%2C%20Tucum%C3%A1n!5e0!3m2!1ses!2sar!4v1659616024614!5m2!1ses!2sar\" width=\"600\" height=\"450\" style=\"border:0;\" allowfullscreen=\"\" loading=\"lazy\" referrerpolicy=\"no-referrer-when-downgrade\"><\/iframe><\/p>\n        <\/div>\n              <div id=\"mapa\" index=\"12\" class=\"hidden first:block descendant-iframe:w-full\">\n          <p><iframe src=\"https:\/\/www.google.com\/maps\/embed?pb=!1m18!1m12!1m3!1d3622.1597612372316!2d-65.41050478511812!3d-24.789982384087256!2m3!1f0!2f0!3f0!3m2!1i1024!2i768!4f13.1!3m3!1m2!1s0x941bc3a33076adeb%3A0x87cd36f0f9085c6!2sCaseros%20%26%20De%C3%A1n%20Funes%2C%20Salta!5e0!3m2!1ses!2sar!4v1659616043679!5m2!1ses!2sar\" width=\"600\" height=\"450\" style=\"border:0;\" allowfullscreen=\"\" loading=\"lazy\" referrerpolicy=\"no-referrer-when-downgrade\"><\/iframe><\/p>\n        <\/div>\n          <\/div>\n  <\/div>\n<\/div>","protected":false},"excerpt":{"rendered":"","protected":false},"author":1,"featured_media":0,"parent":0,"menu_order":0,"comment_status":"closed","ping_status":"closed","template":"internas.php","meta":{"inline_featured_image":false},"acf":[],"yoast_head":"<!-- This site is optimized with the Yoast SEO plugin v19.4 - https:\/\/yoast.com\/wordpress\/plugins\/seo\/ -->\n<title>Productos - Delibee<\/title>\n<meta name=\"robots\" content=\"index, follow, max-snippet:-1, max-image-preview:large, max-video-preview:-1\" \/>\n<link rel=\"canonical\" href=\"https:\/\/delibeeweb.com\/en\/productos\/\" \/>\n<meta property=\"og:locale\" content=\"en_US\" \/>\n<meta property=\"og:type\" content=\"article\" \/>\n<meta property=\"og:title\" content=\"Productos - Delibee\" \/>\n<meta property=\"og:url\" content=\"https:\/\/delibeeweb.com\/en\/productos\/\" \/>\n<meta property=\"og:site_name\" content=\"Delibee\" \/>\n<meta property=\"article:modified_time\" content=\"2022-08-09T15:17:49+00:00\" \/>\n<meta name=\"twitter:card\" content=\"summary_large_image\" \/>\n<script type=\"application\/ld+json\" class=\"yoast-schema-graph\">{\"@context\":\"https:\/\/schema.org\",\"@graph\":[{\"@type\":\"Organization\",\"@id\":\"https:\/\/delibeeweb.com\/#organization\",\"name\":\"Delibee\",\"url\":\"https:\/\/delibeeweb.com\/\",\"sameAs\":[],\"logo\":{\"@type\":\"ImageObject\",\"inLanguage\":\"en-US\",\"@id\":\"https:\/\/delibeeweb.com\/#\/schema\/logo\/image\/\",\"url\":\"https:\/\/delibeeweb.com\/app\/uploads\/2022\/07\/Capa-1.svg\",\"contentUrl\":\"https:\/\/delibeeweb.com\/app\/uploads\/2022\/07\/Capa-1.svg\",\"width\":133,\"height\":80,\"caption\":\"Delibee\"},\"image\":{\"@id\":\"https:\/\/delibeeweb.com\/#\/schema\/logo\/image\/\"}},{\"@type\":\"WebSite\",\"@id\":\"https:\/\/delibeeweb.com\/#website\",\"url\":\"https:\/\/delibeeweb.com\/\",\"name\":\"Delibee\",\"description\":\"Pure Honey \u2013 Argentina\",\"publisher\":{\"@id\":\"https:\/\/delibeeweb.com\/#organization\"},\"potentialAction\":[{\"@type\":\"SearchAction\",\"target\":{\"@type\":\"EntryPoint\",\"urlTemplate\":\"https:\/\/delibeeweb.com\/?s={search_term_string}\"},\"query-input\":\"required name=search_term_string\"}],\"inLanguage\":\"en-US\"},{\"@type\":\"WebPage\",\"@id\":\"https:\/\/delibeeweb.com\/productos\/\",\"url\":\"https:\/\/delibeeweb.com\/productos\/\",\"name\":\"Productos - Delibee\",\"isPartOf\":{\"@id\":\"https:\/\/delibeeweb.com\/#website\"},\"datePublished\":\"2022-07-15T18:37:35+00:00\",\"dateModified\":\"2022-08-09T15:17:49+00:00\",\"breadcrumb\":{\"@id\":\"https:\/\/delibeeweb.com\/productos\/#breadcrumb\"},\"inLanguage\":\"en-US\",\"potentialAction\":[{\"@type\":\"ReadAction\",\"target\":[\"https:\/\/delibeeweb.com\/productos\/\"]}]},{\"@type\":\"BreadcrumbList\",\"@id\":\"https:\/\/delibeeweb.com\/productos\/#breadcrumb\",\"itemListElement\":[{\"@type\":\"ListItem\",\"position\":1,\"name\":\"Home\",\"item\":\"https:\/\/delibeeweb.com\/\"},{\"@type\":\"ListItem\",\"position\":2,\"name\":\"Productos\"}]}]}<\/script>\n<!-- \/ Yoast SEO plugin. -->","yoast_head_json":{"title":"Productos - Delibee","robots":{"index":"index","follow":"follow","max-snippet":"max-snippet:-1","max-image-preview":"max-image-preview:large","max-video-preview":"max-video-preview:-1"},"canonical":"https:\/\/delibeeweb.com\/en\/productos\/","og_locale":"en_US","og_type":"article","og_title":"Productos - Delibee","og_url":"https:\/\/delibeeweb.com\/en\/productos\/","og_site_name":"Delibee","article_modified_time":"2022-08-09T15:17:49+00:00","twitter_card":"summary_large_image","schema":{"@context":"https:\/\/schema.org","@graph":[{"@type":"Organization","@id":"https:\/\/delibeeweb.com\/#organization","name":"Delibee","url":"https:\/\/delibeeweb.com\/","sameAs":[],"logo":{"@type":"ImageObject","inLanguage":"en-US","@id":"https:\/\/delibeeweb.com\/#\/schema\/logo\/image\/","url":"https:\/\/delibeeweb.com\/app\/uploads\/2022\/07\/Capa-1.svg","contentUrl":"https:\/\/delibeeweb.com\/app\/uploads\/2022\/07\/Capa-1.svg","width":133,"height":80,"caption":"Delibee"},"image":{"@id":"https:\/\/delibeeweb.com\/#\/schema\/logo\/image\/"}},{"@type":"WebSite","@id":"https:\/\/delibeeweb.com\/#website","url":"https:\/\/delibeeweb.com\/","name":"Delibee","description":"Pure Honey \u2013 Argentina","publisher":{"@id":"https:\/\/delibeeweb.com\/#organization"},"potentialAction":[{"@type":"SearchAction","target":{"@type":"EntryPoint","urlTemplate":"https:\/\/delibeeweb.com\/?s={search_term_string}"},"query-input":"required name=search_term_string"}],"inLanguage":"en-US"},{"@type":"WebPage","@id":"https:\/\/delibeeweb.com\/productos\/","url":"https:\/\/delibeeweb.com\/productos\/","name":"Productos - Delibee","isPartOf":{"@id":"https:\/\/delibeeweb.com\/#website"},"datePublished":"2022-07-15T18:37:35+00:00","dateModified":"2022-08-09T15:17:49+00:00","breadcrumb":{"@id":"https:\/\/delibeeweb.com\/productos\/#breadcrumb"},"inLanguage":"en-US","potentialAction":[{"@type":"ReadAction","target":["https:\/\/delibeeweb.com\/productos\/"]}]},{"@type":"BreadcrumbList","@id":"https:\/\/delibeeweb.com\/productos\/#breadcrumb","itemListElement":[{"@type":"ListItem","position":1,"name":"Home","item":"https:\/\/delibeeweb.com\/"},{"@type":"ListItem","position":2,"name":"Productos"}]}]}},"_links":{"self":[{"href":"https:\/\/delibeeweb.com\/en\/wp-json\/wp\/v2\/pages\/73"}],"collection":[{"href":"https:\/\/delibeeweb.com\/en\/wp-json\/wp\/v2\/pages"}],"about":[{"href":"https:\/\/delibeeweb.com\/en\/wp-json\/wp\/v2\/types\/page"}],"author":[{"embeddable":true,"href":"https:\/\/delibeeweb.com\/en\/wp-json\/wp\/v2\/users\/1"}],"replies":[{"embeddable":true,"href":"https:\/\/delibeeweb.com\/en\/wp-json\/wp\/v2\/comments?post=73"}],"version-history":[{"count":3,"href":"https:\/\/delibeeweb.com\/en\/wp-json\/wp\/v2\/pages\/73\/revisions"}],"predecessor-version":[{"id":440,"href":"https:\/\/delibeeweb.com\/en\/wp-json\/wp\/v2\/pages\/73\/revisions\/440"}],"wp:attachment":[{"href":"https:\/\/delibeeweb.com\/en\/wp-json\/wp\/v2\/media?parent=73"}],"curies":[{"name":"wp","href":"https:\/\/api.w.org\/{rel}","templated":true}]}}